{"id":387,"date":"2019-05-06T15:29:31","date_gmt":"2019-05-06T18:29:31","guid":{"rendered":"http:\/\/concerned-coyote.w5.wpsandbox.pro\/?page_id=387"},"modified":"2024-12-02T11:04:47","modified_gmt":"2024-12-02T14:04:47","slug":"fale-conosco","status":"publish","type":"page","link":"https:\/\/tecnogrua.com.br\/?page_id=387","title":{"rendered":"Fale Conosco"},"content":{"rendered":"\t\t<div data-elementor-type=\"post\" data-elementor-id=\"387\" class=\"elementor elementor-387\" data-elementor-settings=\"[]\">\r\n\t\t\t<div class=\"elementor-inner\">\r\n\t\t\t\t<div class=\"elementor-section-wrap\">\r\n\t\t\t\t\t\t\t<section class=\"elementor-element elementor-element-7988 elementor-section-boxed elementor-section-height-default elementor-section-height-default elementor-section elementor-top-section\" data-id=\"7988\" data-element_type=\"section\">\r\n\t\t\t\t\t\t<div class=\"elementor-container elementor-column-gap-default\">\r\n\t\t\t\t<div class=\"elementor-row\">\r\n\t\t\t\t<div class=\"elementor-element elementor-element-5f21 elementor-column elementor-col-100 elementor-top-column\" data-id=\"5f21\" data-element_type=\"column\">\r\n\t\t\t<div class=\"elementor-column-wrap  elementor-element-populated\">\r\n\t\t\t\t\t<div class=\"elementor-widget-wrap\">\r\n\t\t\t\t<div class=\"elementor-element elementor-element-be279fc elementor-widget elementor-widget-text-editor\" data-id=\"be279fc\" data-element_type=\"widget\" data-widget_type=\"text-editor.default\">\r\n\t\t\t\t<div class=\"elementor-widget-container\">\r\n\t\t\t\t\t<div class=\"elementor-text-editor elementor-clearfix\"><p>Entre em contato conosco atrav\u00e9s do telefone e e-mail informados abaixo. Responderemos sua d\u00favida o mais breve poss\u00edvel.<\/p><\/div>\r\n\t\t\t\t<\/div>\r\n\t\t\t\t<\/div>\r\n\t\t\t\t<section class=\"elementor-element elementor-element-6d6de5f elementor-section-boxed elementor-section-height-default elementor-section-height-default elementor-section elementor-inner-section\" data-id=\"6d6de5f\" data-element_type=\"section\">\r\n\t\t\t\t\t\t<div class=\"elementor-container elementor-column-gap-default\">\r\n\t\t\t\t<div class=\"elementor-row\">\r\n\t\t\t\t<div class=\"elementor-element elementor-element-e46c53a elementor-column elementor-col-50 elementor-inner-column\" data-id=\"e46c53a\" data-element_type=\"column\">\r\n\t\t\t<div class=\"elementor-column-wrap  elementor-element-populated\">\r\n\t\t\t\t\t<div class=\"elementor-widget-wrap\">\r\n\t\t\t\t<div class=\"elementor-element elementor-element-0a5cf95 elementor-widget elementor-widget-text-editor\" data-id=\"0a5cf95\" data-element_type=\"widget\" data-widget_type=\"text-editor.default\">\r\n\t\t\t\t<div class=\"elementor-widget-container\">\r\n\t\t\t\t\t<div class=\"elementor-text-editor elementor-clearfix\"><p><strong>Telefone e Endere\u00e7o:<\/strong><\/p><p><i class=\"fa fa-volume-control-phone\"><\/i>(51) 3453-5453<br \/><i class=\"fa fa-map-marker\"><\/i> Rua Jo\u00e3o Rodrigues, 337, Bairro Piratini<\/p><p><strong>Hor\u00e1rio de atendimento:<\/strong><\/p><p><i class=\"fa fa-clock-o\"><\/i>8:00 \u2013 18:00 (Segunda \u2013 Sexta)<br \/><i class=\"fa fa-envelope-o\"><\/i> <a href=\"mailto:contato@tecnogrua.com.br\">contato@tecnogrua.com.br<\/a><\/p><\/div>\r\n\t\t\t\t<\/div>\r\n\t\t\t\t<\/div>\r\n\t\t\t\t\t\t<\/div>\r\n\t\t\t<\/div>\r\n\t\t<\/div>\r\n\t\t\t\t<div class=\"elementor-element elementor-element-717799e elementor-column elementor-col-50 elementor-inner-column\" data-id=\"717799e\" data-element_type=\"column\">\r\n\t\t\t<div class=\"elementor-column-wrap  elementor-element-populated\">\r\n\t\t\t\t\t<div class=\"elementor-widget-wrap\">\r\n\t\t\t\t<div class=\"elementor-element elementor-element-d2c7811 elementor-widget elementor-widget-google_maps\" data-id=\"d2c7811\" data-element_type=\"widget\" data-widget_type=\"google_maps.default\">\r\n\t\t\t\t<div class=\"elementor-widget-container\">\r\n\t\t\t<div class=\"elementor-custom-embed\"><iframe frameborder=\"0\" scrolling=\"no\" marginheight=\"0\" marginwidth=\"0\" src=\"https:\/\/maps.google.com\/maps?q=Rua%20Jo%C3%A3o%20Rodrigues%2C%20337%2C%20Bairro%20Piratini%2C%20Sapucaia%20do%20Sul&amp;t=m&amp;z=14&amp;output=embed&amp;iwloc=near\" aria-label=\"Rua Jo\u00e3o Rodrigues, 337, Bairro Piratini, Sapucaia do Sul\"><\/iframe><\/div>\t\t<\/div>\r\n\t\t\t\t<\/div>\r\n\t\t\t\t\t\t<\/div>\r\n\t\t\t<\/div>\r\n\t\t<\/div>\r\n\t\t\t\t\t\t<\/div>\r\n\t\t\t<\/div>\r\n\t\t<\/section>\r\n\t\t\t\t\t\t<\/div>\r\n\t\t\t<\/div>\r\n\t\t<\/div>\r\n\t\t\t\t\t\t<\/div>\r\n\t\t\t<\/div>\r\n\t\t<\/section>\r\n\t\t\t\t\t\t<\/div>\r\n\t\t\t<\/div>\r\n\t\t<\/div>\r\n\t\t","protected":false},"excerpt":{"rendered":"<p>Entre em contato conosco atrav\u00e9s do telefone e e-mail informados abaixo. Responderemos sua d\u00favida o mais breve poss\u00edvel. Telefone e Endere\u00e7o: (51) 3453-5453 Rua Jo\u00e3o Rodrigues, 337, Bairro Piratini Hor\u00e1rio de atendimento: 8:00 \u2013 18:00 (Segunda \u2013 Sexta) contato@tecnogrua.com.br<\/p>\n","protected":false},"author":1,"featured_media":0,"parent":0,"menu_order":0,"comment_status":"closed","ping_status":"closed","template":"elementor_header_footer","meta":{"footnotes":""},"class_list":["post-387","page","type-page","status-publish","hentry"],"_links":{"self":[{"href":"https:\/\/tecnogrua.com.br\/index.php?rest_route=\/wp\/v2\/pages\/387","targetHints":{"allow":["GET"]}}],"collection":[{"href":"https:\/\/tecnogrua.com.br\/index.php?rest_route=\/wp\/v2\/pages"}],"about":[{"href":"https:\/\/tecnogrua.com.br\/index.php?rest_route=\/wp\/v2\/types\/page"}],"author":[{"embeddable":true,"href":"https:\/\/tecnogrua.com.br\/index.php?rest_route=\/wp\/v2\/users\/1"}],"replies":[{"embeddable":true,"href":"https:\/\/tecnogrua.com.br\/index.php?rest_route=%2Fwp%2Fv2%2Fcomments&post=387"}],"version-history":[{"count":9,"href":"https:\/\/tecnogrua.com.br\/index.php?rest_route=\/wp\/v2\/pages\/387\/revisions"}],"predecessor-version":[{"id":1041,"href":"https:\/\/tecnogrua.com.br\/index.php?rest_route=\/wp\/v2\/pages\/387\/revisions\/1041"}],"wp:attachment":[{"href":"https:\/\/tecnogrua.com.br\/index.php?rest_route=%2Fwp%2Fv2%2Fmedia&parent=387"}],"curies":[{"name":"wp","href":"https:\/\/api.w.org\/{rel}","templated":true}]}}