{"id":613,"date":"2019-05-05T09:16:59","date_gmt":"2019-05-05T12:16:59","guid":{"rendered":"http:\/\/concerned-coyote.w5.wpsandbox.pro\/?page_id=613"},"modified":"2019-07-13T11:16:26","modified_gmt":"2019-07-13T14:16:26","slug":"quem-somos","status":"publish","type":"page","link":"https:\/\/tecnogrua.com.br\/?page_id=613","title":{"rendered":"Quem Somos"},"content":{"rendered":"\t\t<div data-elementor-type=\"post\" data-elementor-id=\"613\" class=\"elementor elementor-613\" data-elementor-settings=\"[]\">\r\n\t\t\t<div class=\"elementor-inner\">\r\n\t\t\t\t<div class=\"elementor-section-wrap\">\r\n\t\t\t\t\t\t\t<section class=\"elementor-element elementor-element-654bd5d elementor-section-boxed elementor-section-height-default elementor-section-height-default elementor-section elementor-top-section\" data-id=\"654bd5d\" data-element_type=\"section\">\r\n\t\t\t\t\t\t<div class=\"elementor-container elementor-column-gap-default\">\r\n\t\t\t\t<div class=\"elementor-row\">\r\n\t\t\t\t<div class=\"elementor-element elementor-element-da87ae3 elementor-column elementor-col-100 elementor-top-column\" data-id=\"da87ae3\" data-element_type=\"column\">\r\n\t\t\t<div class=\"elementor-column-wrap  elementor-element-populated\">\r\n\t\t\t\t\t<div class=\"elementor-widget-wrap\">\r\n\t\t\t\t<div class=\"elementor-element elementor-element-2336b0d elementor-widget elementor-widget-spacer\" data-id=\"2336b0d\" data-element_type=\"widget\" data-widget_type=\"spacer.default\">\r\n\t\t\t\t<div class=\"elementor-widget-container\">\r\n\t\t\t\t\t<div class=\"elementor-spacer\">\r\n\t\t\t<div class=\"elementor-spacer-inner\"><\/div>\r\n\t\t<\/div>\r\n\t\t\t\t<\/div>\r\n\t\t\t\t<\/div>\r\n\t\t\t\t\t\t<\/div>\r\n\t\t\t<\/div>\r\n\t\t<\/div>\r\n\t\t\t\t\t\t<\/div>\r\n\t\t\t<\/div>\r\n\t\t<\/section>\r\n\t\t\t\t<section class=\"elementor-element elementor-element-923ad41 elementor-section-boxed elementor-section-height-default elementor-section-height-default elementor-section elementor-top-section\" data-id=\"923ad41\" data-element_type=\"section\">\r\n\t\t\t\t\t\t<div class=\"elementor-container elementor-column-gap-default\">\r\n\t\t\t\t<div class=\"elementor-row\">\r\n\t\t\t\t<div class=\"elementor-element elementor-element-a8c4759 elementor-column elementor-col-100 elementor-top-column\" data-id=\"a8c4759\" data-element_type=\"column\">\r\n\t\t\t<div class=\"elementor-column-wrap  elementor-element-populated\">\r\n\t\t\t\t\t<div class=\"elementor-widget-wrap\">\r\n\t\t\t\t<div class=\"elementor-element elementor-element-be0ed9d elementor-widget elementor-widget-text-editor\" data-id=\"be0ed9d\" data-element_type=\"widget\" data-widget_type=\"text-editor.default\">\r\n\t\t\t\t<div class=\"elementor-widget-container\">\r\n\t\t\t\t\t<div class=\"elementor-text-editor elementor-clearfix\"><p>A TECNOGRUA foi fundada em Maio de 2011. Tendo em seu quadro societ\u00e1rio profissional com mais de 30 anos de experi\u00eancia na \u00e1rea de fabrica\u00e7\u00e3o e manuten\u00e7\u00e3o de guindastes tipo munck.<\/p><p>Iniciou suas atividades prestando servi\u00e7os de instala\u00e7\u00e3o de guindastes em caminh\u00f5es (Integra\u00e7\u00e3o Veicular), para grandes fabricantes de guindastes.<\/p><p>Com sede pr\u00f3pria, contando com uma \u00e1rea total de 1000 m2, sendo 480 m2 desta constru\u00edda com pr\u00e9dio industrial de p\u00e9 direito 7 m de altura.<\/p><p>Atualmente, nossas atividades s\u00e3o voltadas para atender clientes usu\u00e1rios de guindastes, fornecendo pe\u00e7as de reposi\u00e7\u00e3o, componentes, prestando servi\u00e7o de instala\u00e7\u00e3o sobre caminh\u00e3o, manuten\u00e7\u00e3o preventiva e corretiva.\u00a0<\/p><p>Com parcerias fortes, atuamos na automa\u00e7\u00e3o de guindastes. Fornecemos e instalamos r\u00e1dio controle remoto, limitadores de sobre carga, sensoreamentos de estabilizadores, atendendo na \u00edntegra a normativa NR 12.<\/p><p>Na \u00e1rea de manuten\u00e7\u00e3o, atendemos todas as marcas de guindastes, com aten\u00e7\u00e3o a marca LUNA ALG, por sermos oficina autorizada na regi\u00e3o.<\/p><p>Fabricamos alguns componentes, como cesto autonivelado acoplado, e estabilizador auxiliar, entre outros.<\/p><\/div>\r\n\t\t\t\t<\/div>\r\n\t\t\t\t<\/div>\r\n\t\t\t\t\t\t<\/div>\r\n\t\t\t<\/div>\r\n\t\t<\/div>\r\n\t\t\t\t\t\t<\/div>\r\n\t\t\t<\/div>\r\n\t\t<\/section>\r\n\t\t\t\t<section class=\"elementor-element elementor-element-d91663f elementor-section-boxed elementor-section-height-default elementor-section-height-default elementor-section elementor-top-section\" data-id=\"d91663f\" data-element_type=\"section\" data-settings=\"{&quot;background_background&quot;:&quot;classic&quot;}\">\r\n\t\t\t\t\t\t<div class=\"elementor-container elementor-column-gap-default\">\r\n\t\t\t\t<div class=\"elementor-row\">\r\n\t\t\t\t<div class=\"elementor-element elementor-element-ff89c4e elementor-column elementor-col-100 elementor-top-column\" data-id=\"ff89c4e\" data-element_type=\"column\">\r\n\t\t\t<div class=\"elementor-column-wrap  elementor-element-populated\">\r\n\t\t\t\t\t<div class=\"elementor-widget-wrap\">\r\n\t\t\t\t<div class=\"elementor-element elementor-element-2b42b7a elementor-widget elementor-widget-heading\" data-id=\"2b42b7a\" data-element_type=\"widget\" data-widget_type=\"heading.default\">\r\n\t\t\t\t<div class=\"elementor-widget-container\">\r\n\t\t\t<h3 class=\"elementor-heading-title elementor-size-default\">GALERIA DE IMAGENS<\/h3>\t\t<\/div>\r\n\t\t\t\t<\/div>\r\n\t\t\t\t<div class=\"elementor-element elementor-element-9f6c773 elementor-widget elementor-widget-text-editor\" data-id=\"9f6c773\" data-element_type=\"widget\" data-widget_type=\"text-editor.default\">\r\n\t\t\t\t<div class=\"elementor-widget-container\">\r\n\t\t\t\t\t<div class=\"elementor-text-editor elementor-clearfix\"><p>Confira abaixo, um pouco de nosso dia-a-dia.<\/p><\/div>\r\n\t\t\t\t<\/div>\r\n\t\t\t\t<\/div>\r\n\t\t\t\t\t\t<\/div>\r\n\t\t\t<\/div>\r\n\t\t<\/div>\r\n\t\t\t\t\t\t<\/div>\r\n\t\t\t<\/div>\r\n\t\t<\/section>\r\n\t\t\t\t<section class=\"elementor-element elementor-element-c10cf3b elementor-section-boxed elementor-section-height-default elementor-section-height-default elementor-section elementor-top-section\" data-id=\"c10cf3b\" data-element_type=\"section\">\r\n\t\t\t\t\t\t<div class=\"elementor-container elementor-column-gap-default\">\r\n\t\t\t\t<div class=\"elementor-row\">\r\n\t\t\t\t<div class=\"elementor-element elementor-element-9ce47db elementor-column elementor-col-100 elementor-top-column\" data-id=\"9ce47db\" data-element_type=\"column\">\r\n\t\t\t<div class=\"elementor-column-wrap  elementor-element-populated\">\r\n\t\t\t\t\t<div class=\"elementor-widget-wrap\">\r\n\t\t\t\t<div class=\"elementor-element elementor-element-d49918a elementor-widget elementor-widget-image-gallery\" data-id=\"d49918a\" data-element_type=\"widget\" data-widget_type=\"image-gallery.default\">\r\n\t\t\t\t<div class=\"elementor-widget-container\">\r\n\t\t\t\t\t<div class=\"elementor-image-gallery\">\r\n\t\t\t<div id='gallery-1' class='gallery galleryid-613 gallery-columns-4 gallery-size-medium'><figure class='gallery-item'>\n\t\t\t<div class='gallery-icon landscape'>\n\t\t\t\t<a data-elementor-open-lightbox=\"default\" data-elementor-lightbox-slideshow=\"d49918a\" href='https:\/\/tecnogrua.com.br\/wp-content\/uploads\/2019\/05\/28037_314280668682915_76614248_n.jpg'><img loading=\"lazy\" decoding=\"async\" width=\"300\" height=\"225\" src=\"https:\/\/tecnogrua.com.br\/wp-content\/uploads\/2019\/05\/28037_314280668682915_76614248_n-300x225.jpg\" class=\"attachment-medium size-medium\" alt=\"\" srcset=\"https:\/\/tecnogrua.com.br\/wp-content\/uploads\/2019\/05\/28037_314280668682915_76614248_n-300x225.jpg 300w, https:\/\/tecnogrua.com.br\/wp-content\/uploads\/2019\/05\/28037_314280668682915_76614248_n-768x576.jpg 768w, https:\/\/tecnogrua.com.br\/wp-content\/uploads\/2019\/05\/28037_314280668682915_76614248_n-600x450.jpg 600w, https:\/\/tecnogrua.com.br\/wp-content\/uploads\/2019\/05\/28037_314280668682915_76614248_n.jpg 960w\" sizes=\"auto, (max-width: 300px) 100vw, 300px\" \/><\/a>\n\t\t\t<\/div><\/figure><figure class='gallery-item'>\n\t\t\t<div class='gallery-icon landscape'>\n\t\t\t\t<a data-elementor-open-lightbox=\"default\" data-elementor-lightbox-slideshow=\"d49918a\" href='https:\/\/tecnogrua.com.br\/wp-content\/uploads\/2019\/05\/181863_314280598682922_1606944066_n-1.jpg'><img loading=\"lazy\" decoding=\"async\" width=\"300\" height=\"225\" src=\"https:\/\/tecnogrua.com.br\/wp-content\/uploads\/2019\/05\/181863_314280598682922_1606944066_n-1-300x225.jpg\" class=\"attachment-medium size-medium\" alt=\"\" srcset=\"https:\/\/tecnogrua.com.br\/wp-content\/uploads\/2019\/05\/181863_314280598682922_1606944066_n-1-300x225.jpg 300w, https:\/\/tecnogrua.com.br\/wp-content\/uploads\/2019\/05\/181863_314280598682922_1606944066_n-1-768x576.jpg 768w, https:\/\/tecnogrua.com.br\/wp-content\/uploads\/2019\/05\/181863_314280598682922_1606944066_n-1-600x450.jpg 600w, https:\/\/tecnogrua.com.br\/wp-content\/uploads\/2019\/05\/181863_314280598682922_1606944066_n-1.jpg 960w\" sizes=\"auto, (max-width: 300px) 100vw, 300px\" \/><\/a>\n\t\t\t<\/div><\/figure><figure class='gallery-item'>\n\t\t\t<div class='gallery-icon landscape'>\n\t\t\t\t<a data-elementor-open-lightbox=\"default\" data-elementor-lightbox-slideshow=\"d49918a\" href='https:\/\/tecnogrua.com.br\/wp-content\/uploads\/2019\/05\/249855_314280652016250_676102803_n.jpg'><img loading=\"lazy\" decoding=\"async\" width=\"300\" height=\"225\" src=\"https:\/\/tecnogrua.com.br\/wp-content\/uploads\/2019\/05\/249855_314280652016250_676102803_n-300x225.jpg\" class=\"attachment-medium size-medium\" alt=\"\" srcset=\"https:\/\/tecnogrua.com.br\/wp-content\/uploads\/2019\/05\/249855_314280652016250_676102803_n-300x225.jpg 300w, https:\/\/tecnogrua.com.br\/wp-content\/uploads\/2019\/05\/249855_314280652016250_676102803_n-768x576.jpg 768w, https:\/\/tecnogrua.com.br\/wp-content\/uploads\/2019\/05\/249855_314280652016250_676102803_n-600x450.jpg 600w, https:\/\/tecnogrua.com.br\/wp-content\/uploads\/2019\/05\/249855_314280652016250_676102803_n.jpg 960w\" sizes=\"auto, (max-width: 300px) 100vw, 300px\" \/><\/a>\n\t\t\t<\/div><\/figure><figure class='gallery-item'>\n\t\t\t<div class='gallery-icon landscape'>\n\t\t\t\t<a data-elementor-open-lightbox=\"default\" data-elementor-lightbox-slideshow=\"d49918a\" href='https:\/\/tecnogrua.com.br\/wp-content\/uploads\/2019\/05\/268508_318880374889611_1615138405_n.jpg'><img loading=\"lazy\" decoding=\"async\" width=\"300\" height=\"225\" src=\"https:\/\/tecnogrua.com.br\/wp-content\/uploads\/2019\/05\/268508_318880374889611_1615138405_n-300x225.jpg\" class=\"attachment-medium size-medium\" alt=\"\" srcset=\"https:\/\/tecnogrua.com.br\/wp-content\/uploads\/2019\/05\/268508_318880374889611_1615138405_n-300x225.jpg 300w, https:\/\/tecnogrua.com.br\/wp-content\/uploads\/2019\/05\/268508_318880374889611_1615138405_n-768x576.jpg 768w, https:\/\/tecnogrua.com.br\/wp-content\/uploads\/2019\/05\/268508_318880374889611_1615138405_n-600x450.jpg 600w, https:\/\/tecnogrua.com.br\/wp-content\/uploads\/2019\/05\/268508_318880374889611_1615138405_n.jpg 960w\" sizes=\"auto, (max-width: 300px) 100vw, 300px\" \/><\/a>\n\t\t\t<\/div><\/figure><figure class='gallery-item'>\n\t\t\t<div class='gallery-icon landscape'>\n\t\t\t\t<a data-elementor-open-lightbox=\"default\" data-elementor-lightbox-slideshow=\"d49918a\" href='https:\/\/tecnogrua.com.br\/wp-content\/uploads\/2019\/05\/309474_314280642016251_180323042_n.jpg'><img loading=\"lazy\" decoding=\"async\" width=\"300\" height=\"225\" src=\"https:\/\/tecnogrua.com.br\/wp-content\/uploads\/2019\/05\/309474_314280642016251_180323042_n-300x225.jpg\" class=\"attachment-medium size-medium\" alt=\"\" srcset=\"https:\/\/tecnogrua.com.br\/wp-content\/uploads\/2019\/05\/309474_314280642016251_180323042_n-300x225.jpg 300w, https:\/\/tecnogrua.com.br\/wp-content\/uploads\/2019\/05\/309474_314280642016251_180323042_n-768x576.jpg 768w, https:\/\/tecnogrua.com.br\/wp-content\/uploads\/2019\/05\/309474_314280642016251_180323042_n-600x450.jpg 600w, https:\/\/tecnogrua.com.br\/wp-content\/uploads\/2019\/05\/309474_314280642016251_180323042_n.jpg 960w\" sizes=\"auto, (max-width: 300px) 100vw, 300px\" \/><\/a>\n\t\t\t<\/div><\/figure><figure class='gallery-item'>\n\t\t\t<div class='gallery-icon landscape'>\n\t\t\t\t<a data-elementor-open-lightbox=\"default\" data-elementor-lightbox-slideshow=\"d49918a\" href='https:\/\/tecnogrua.com.br\/wp-content\/uploads\/2019\/05\/323627_314279645349684_1773991801_o.jpg'><img loading=\"lazy\" decoding=\"async\" width=\"300\" height=\"225\" src=\"https:\/\/tecnogrua.com.br\/wp-content\/uploads\/2019\/05\/323627_314279645349684_1773991801_o-300x225.jpg\" class=\"attachment-medium size-medium\" alt=\"\" srcset=\"https:\/\/tecnogrua.com.br\/wp-content\/uploads\/2019\/05\/323627_314279645349684_1773991801_o-300x225.jpg 300w, https:\/\/tecnogrua.com.br\/wp-content\/uploads\/2019\/05\/323627_314279645349684_1773991801_o-768x576.jpg 768w, https:\/\/tecnogrua.com.br\/wp-content\/uploads\/2019\/05\/323627_314279645349684_1773991801_o-600x450.jpg 600w, https:\/\/tecnogrua.com.br\/wp-content\/uploads\/2019\/05\/323627_314279645349684_1773991801_o.jpg 960w\" sizes=\"auto, (max-width: 300px) 100vw, 300px\" \/><\/a>\n\t\t\t<\/div><\/figure><figure class='gallery-item'>\n\t\t\t<div class='gallery-icon landscape'>\n\t\t\t\t<a data-elementor-open-lightbox=\"default\" data-elementor-lightbox-slideshow=\"d49918a\" href='https:\/\/tecnogrua.com.br\/wp-content\/uploads\/2019\/05\/400147_314280518682930_1510246461_n.jpg'><img loading=\"lazy\" decoding=\"async\" width=\"300\" height=\"225\" src=\"https:\/\/tecnogrua.com.br\/wp-content\/uploads\/2019\/05\/400147_314280518682930_1510246461_n-300x225.jpg\" class=\"attachment-medium size-medium\" alt=\"\" srcset=\"https:\/\/tecnogrua.com.br\/wp-content\/uploads\/2019\/05\/400147_314280518682930_1510246461_n-300x225.jpg 300w, https:\/\/tecnogrua.com.br\/wp-content\/uploads\/2019\/05\/400147_314280518682930_1510246461_n-768x576.jpg 768w, https:\/\/tecnogrua.com.br\/wp-content\/uploads\/2019\/05\/400147_314280518682930_1510246461_n-600x450.jpg 600w, https:\/\/tecnogrua.com.br\/wp-content\/uploads\/2019\/05\/400147_314280518682930_1510246461_n.jpg 960w\" sizes=\"auto, (max-width: 300px) 100vw, 300px\" \/><\/a>\n\t\t\t<\/div><\/figure><figure class='gallery-item'>\n\t\t\t<div class='gallery-icon landscape'>\n\t\t\t\t<a data-elementor-open-lightbox=\"default\" data-elementor-lightbox-slideshow=\"d49918a\" href='https:\/\/tecnogrua.com.br\/wp-content\/uploads\/2019\/05\/470148_314466061997709_1919486058_o.jpg'><img loading=\"lazy\" decoding=\"async\" width=\"300\" height=\"225\" src=\"https:\/\/tecnogrua.com.br\/wp-content\/uploads\/2019\/05\/470148_314466061997709_1919486058_o-300x225.jpg\" class=\"attachment-medium size-medium\" alt=\"\" srcset=\"https:\/\/tecnogrua.com.br\/wp-content\/uploads\/2019\/05\/470148_314466061997709_1919486058_o-300x225.jpg 300w, https:\/\/tecnogrua.com.br\/wp-content\/uploads\/2019\/05\/470148_314466061997709_1919486058_o-768x576.jpg 768w, https:\/\/tecnogrua.com.br\/wp-content\/uploads\/2019\/05\/470148_314466061997709_1919486058_o-600x450.jpg 600w, https:\/\/tecnogrua.com.br\/wp-content\/uploads\/2019\/05\/470148_314466061997709_1919486058_o.jpg 960w\" sizes=\"auto, (max-width: 300px) 100vw, 300px\" \/><\/a>\n\t\t\t<\/div><\/figure><figure class='gallery-item'>\n\t\t\t<div class='gallery-icon landscape'>\n\t\t\t\t<a data-elementor-open-lightbox=\"default\" data-elementor-lightbox-slideshow=\"d49918a\" href='https:\/\/tecnogrua.com.br\/wp-content\/uploads\/2019\/05\/480718_314280628682919_623226921_n.jpg'><img loading=\"lazy\" decoding=\"async\" width=\"300\" height=\"225\" src=\"https:\/\/tecnogrua.com.br\/wp-content\/uploads\/2019\/05\/480718_314280628682919_623226921_n-300x225.jpg\" class=\"attachment-medium size-medium\" alt=\"\" srcset=\"https:\/\/tecnogrua.com.br\/wp-content\/uploads\/2019\/05\/480718_314280628682919_623226921_n-300x225.jpg 300w, https:\/\/tecnogrua.com.br\/wp-content\/uploads\/2019\/05\/480718_314280628682919_623226921_n-768x576.jpg 768w, https:\/\/tecnogrua.com.br\/wp-content\/uploads\/2019\/05\/480718_314280628682919_623226921_n-600x450.jpg 600w, https:\/\/tecnogrua.com.br\/wp-content\/uploads\/2019\/05\/480718_314280628682919_623226921_n.jpg 960w\" sizes=\"auto, (max-width: 300px) 100vw, 300px\" \/><\/a>\n\t\t\t<\/div><\/figure><figure class='gallery-item'>\n\t\t\t<div class='gallery-icon landscape'>\n\t\t\t\t<a data-elementor-open-lightbox=\"default\" data-elementor-lightbox-slideshow=\"d49918a\" href='https:\/\/tecnogrua.com.br\/wp-content\/uploads\/2019\/05\/551754_314467598664222_803485853_n.jpg'><img loading=\"lazy\" decoding=\"async\" width=\"300\" height=\"225\" src=\"https:\/\/tecnogrua.com.br\/wp-content\/uploads\/2019\/05\/551754_314467598664222_803485853_n-300x225.jpg\" class=\"attachment-medium size-medium\" alt=\"\" srcset=\"https:\/\/tecnogrua.com.br\/wp-content\/uploads\/2019\/05\/551754_314467598664222_803485853_n-300x225.jpg 300w, https:\/\/tecnogrua.com.br\/wp-content\/uploads\/2019\/05\/551754_314467598664222_803485853_n-768x576.jpg 768w, https:\/\/tecnogrua.com.br\/wp-content\/uploads\/2019\/05\/551754_314467598664222_803485853_n-600x450.jpg 600w, https:\/\/tecnogrua.com.br\/wp-content\/uploads\/2019\/05\/551754_314467598664222_803485853_n.jpg 960w\" sizes=\"auto, (max-width: 300px) 100vw, 300px\" \/><\/a>\n\t\t\t<\/div><\/figure><figure class='gallery-item'>\n\t\t\t<div class='gallery-icon landscape'>\n\t\t\t\t<a data-elementor-open-lightbox=\"default\" data-elementor-lightbox-slideshow=\"d49918a\" href='https:\/\/tecnogrua.com.br\/wp-content\/uploads\/2019\/05\/564750_314280498682932_760277312_n.jpg'><img loading=\"lazy\" decoding=\"async\" width=\"300\" height=\"225\" src=\"https:\/\/tecnogrua.com.br\/wp-content\/uploads\/2019\/05\/564750_314280498682932_760277312_n-300x225.jpg\" class=\"attachment-medium size-medium\" alt=\"\" srcset=\"https:\/\/tecnogrua.com.br\/wp-content\/uploads\/2019\/05\/564750_314280498682932_760277312_n-300x225.jpg 300w, https:\/\/tecnogrua.com.br\/wp-content\/uploads\/2019\/05\/564750_314280498682932_760277312_n-768x576.jpg 768w, https:\/\/tecnogrua.com.br\/wp-content\/uploads\/2019\/05\/564750_314280498682932_760277312_n-600x450.jpg 600w, https:\/\/tecnogrua.com.br\/wp-content\/uploads\/2019\/05\/564750_314280498682932_760277312_n.jpg 960w\" sizes=\"auto, (max-width: 300px) 100vw, 300px\" \/><\/a>\n\t\t\t<\/div><\/figure><figure class='gallery-item'>\n\t\t\t<div class='gallery-icon landscape'>\n\t\t\t\t<a data-elementor-open-lightbox=\"default\" data-elementor-lightbox-slideshow=\"d49918a\" href='https:\/\/tecnogrua.com.br\/wp-content\/uploads\/2019\/05\/735562_314465468664435_864629266_o.jpg'><img loading=\"lazy\" decoding=\"async\" width=\"300\" height=\"225\" src=\"https:\/\/tecnogrua.com.br\/wp-content\/uploads\/2019\/05\/735562_314465468664435_864629266_o-300x225.jpg\" class=\"attachment-medium size-medium\" alt=\"\" srcset=\"https:\/\/tecnogrua.com.br\/wp-content\/uploads\/2019\/05\/735562_314465468664435_864629266_o-300x225.jpg 300w, https:\/\/tecnogrua.com.br\/wp-content\/uploads\/2019\/05\/735562_314465468664435_864629266_o-768x576.jpg 768w, https:\/\/tecnogrua.com.br\/wp-content\/uploads\/2019\/05\/735562_314465468664435_864629266_o-600x450.jpg 600w, https:\/\/tecnogrua.com.br\/wp-content\/uploads\/2019\/05\/735562_314465468664435_864629266_o.jpg 960w\" sizes=\"auto, (max-width: 300px) 100vw, 300px\" \/><\/a>\n\t\t\t<\/div><\/figure>\n\t\t<\/div>\n\t\t<\/div>\r\n\t\t\t\t<\/div>\r\n\t\t\t\t<\/div>\r\n\t\t\t\t\t\t<\/div>\r\n\t\t\t<\/div>\r\n\t\t<\/div>\r\n\t\t\t\t\t\t<\/div>\r\n\t\t\t<\/div>\r\n\t\t<\/section>\r\n\t\t\t\t\t\t<\/div>\r\n\t\t\t<\/div>\r\n\t\t<\/div>\r\n\t\t","protected":false},"excerpt":{"rendered":"<p>A TECNOGRUA foi fundada em Maio de 2011. Tendo em seu quadro societ\u00e1rio profissional com mais de 30 anos de experi\u00eancia na \u00e1rea de fabrica\u00e7\u00e3o e manuten\u00e7\u00e3o de guindastes tipo munck. Iniciou suas atividades prestando servi\u00e7os de instala\u00e7\u00e3o de guindastes em caminh\u00f5es (Integra\u00e7\u00e3o Veicular), para grandes fabricantes de guindastes. Com sede pr\u00f3pria, contando com uma [&hellip;]<\/p>\n","protected":false},"author":1,"featured_media":0,"parent":0,"menu_order":0,"comment_status":"closed","ping_status":"closed","template":"elementor_header_footer","meta":{"footnotes":""},"class_list":["post-613","page","type-page","status-publish","hentry"],"_links":{"self":[{"href":"https:\/\/tecnogrua.com.br\/index.php?rest_route=\/wp\/v2\/pages\/613","targetHints":{"allow":["GET"]}}],"collection":[{"href":"https:\/\/tecnogrua.com.br\/index.php?rest_route=\/wp\/v2\/pages"}],"about":[{"href":"https:\/\/tecnogrua.com.br\/index.php?rest_route=\/wp\/v2\/types\/page"}],"author":[{"embeddable":true,"href":"https:\/\/tecnogrua.com.br\/index.php?rest_route=\/wp\/v2\/users\/1"}],"replies":[{"embeddable":true,"href":"https:\/\/tecnogrua.com.br\/index.php?rest_route=%2Fwp%2Fv2%2Fcomments&post=613"}],"version-history":[{"count":16,"href":"https:\/\/tecnogrua.com.br\/index.php?rest_route=\/wp\/v2\/pages\/613\/revisions"}],"predecessor-version":[{"id":980,"href":"https:\/\/tecnogrua.com.br\/index.php?rest_route=\/wp\/v2\/pages\/613\/revisions\/980"}],"wp:attachment":[{"href":"https:\/\/tecnogrua.com.br\/index.php?rest_route=%2Fwp%2Fv2%2Fmedia&parent=613"}],"curies":[{"name":"wp","href":"https:\/\/api.w.org\/{rel}","templated":true}]}}