{"id":852,"date":"2019-06-06T11:08:25","date_gmt":"2019-06-06T14:08:25","guid":{"rendered":"http:\/\/127.0.0.1\/tecnogrua\/?page_id=852"},"modified":"2019-07-25T18:57:40","modified_gmt":"2019-07-25T21:57:40","slug":"adequacao-nr12","status":"publish","type":"page","link":"https:\/\/tecnogrua.com.br\/?page_id=852","title":{"rendered":"Adequa\u00e7\u00e3o NR12"},"content":{"rendered":"\t\t<div data-elementor-type=\"post\" data-elementor-id=\"852\" class=\"elementor elementor-852\" data-elementor-settings=\"[]\">\r\n\t\t\t<div class=\"elementor-inner\">\r\n\t\t\t\t<div class=\"elementor-section-wrap\">\r\n\t\t\t\t\t\t\t<section class=\"elementor-element elementor-element-24a elementor-section-boxed elementor-section-height-default elementor-section-height-default elementor-section elementor-top-section\" data-id=\"24a\" data-element_type=\"section\">\r\n\t\t\t\t\t\t<div class=\"elementor-container elementor-column-gap-default\">\r\n\t\t\t\t<div class=\"elementor-row\">\r\n\t\t\t\t<div class=\"elementor-element elementor-element-35bb elementor-column elementor-col-100 elementor-top-column\" data-id=\"35bb\" data-element_type=\"column\">\r\n\t\t\t<div class=\"elementor-column-wrap  elementor-element-populated\">\r\n\t\t\t\t\t<div class=\"elementor-widget-wrap\">\r\n\t\t\t\t<div class=\"elementor-element elementor-element-5e76f97 elementor-widget elementor-widget-spacer\" data-id=\"5e76f97\" data-element_type=\"widget\" data-widget_type=\"spacer.default\">\r\n\t\t\t\t<div class=\"elementor-widget-container\">\r\n\t\t\t\t\t<div class=\"elementor-spacer\">\r\n\t\t\t<div class=\"elementor-spacer-inner\"><\/div>\r\n\t\t<\/div>\r\n\t\t\t\t<\/div>\r\n\t\t\t\t<\/div>\r\n\t\t\t\t<section class=\"elementor-element elementor-element-1e7f471 elementor-section-boxed elementor-section-height-default elementor-section-height-default elementor-section elementor-inner-section\" data-id=\"1e7f471\" data-element_type=\"section\">\r\n\t\t\t\t\t\t<div class=\"elementor-container elementor-column-gap-default\">\r\n\t\t\t\t<div class=\"elementor-row\">\r\n\t\t\t\t<div class=\"elementor-element elementor-element-466db06 elementor-column elementor-col-33 elementor-inner-column\" data-id=\"466db06\" data-element_type=\"column\">\r\n\t\t\t<div class=\"elementor-column-wrap  elementor-element-populated\">\r\n\t\t\t\t\t<div class=\"elementor-widget-wrap\">\r\n\t\t\t\t<div class=\"elementor-element elementor-element-e0ce6ae elementor-widget elementor-widget-image\" data-id=\"e0ce6ae\" data-element_type=\"widget\" data-widget_type=\"image.default\">\r\n\t\t\t\t<div class=\"elementor-widget-container\">\r\n\t\t\t\t\t<div class=\"elementor-image\">\r\n\t\t\t\t\t\t\t\t\t\t<img loading=\"lazy\" decoding=\"async\" width=\"300\" height=\"300\" src=\"https:\/\/tecnogrua.com.br\/wp-content\/uploads\/2019\/07\/nr12-1-300x300.jpg\" class=\"attachment-medium size-medium\" alt=\"\" srcset=\"https:\/\/tecnogrua.com.br\/wp-content\/uploads\/2019\/07\/nr12-1-300x300.jpg 300w, https:\/\/tecnogrua.com.br\/wp-content\/uploads\/2019\/07\/nr12-1-150x150.jpg 150w, https:\/\/tecnogrua.com.br\/wp-content\/uploads\/2019\/07\/nr12-1.jpg 450w\" sizes=\"auto, (max-width: 300px) 100vw, 300px\" \/>\t\t\t\t\t\t\t\t\t\t\t<\/div>\r\n\t\t\t\t<\/div>\r\n\t\t\t\t<\/div>\r\n\t\t\t\t\t\t<\/div>\r\n\t\t\t<\/div>\r\n\t\t<\/div>\r\n\t\t\t\t<div class=\"elementor-element elementor-element-ab2396f elementor-column elementor-col-66 elementor-inner-column\" data-id=\"ab2396f\" data-element_type=\"column\">\r\n\t\t\t<div class=\"elementor-column-wrap  elementor-element-populated\">\r\n\t\t\t\t\t<div class=\"elementor-widget-wrap\">\r\n\t\t\t\t<div class=\"elementor-element elementor-element-18a725f elementor-widget elementor-widget-text-editor\" data-id=\"18a725f\" data-element_type=\"widget\" data-widget_type=\"text-editor.default\">\r\n\t\t\t\t<div class=\"elementor-widget-container\">\r\n\t\t\t\t\t<div class=\"elementor-text-editor elementor-clearfix\"><p>Adequamos seu guindaste tipo Munck, de qualquer marca ou modelo, ao Anexo XII da NR12.<\/p><p>Somos distribuidores de Comandos hidr\u00e1ulicos eletroproporcional e convencionais, r\u00e1dios controles remotos, limitadores eletr\u00f4nicos de sobrecarga, inclin\u00f4metro e todas os sensores necess\u00e1rios para monitorar o equipamento de acordo com o especificado na NR 12. Tamb\u00e9m somos fabricantes de cesto a\u00e9reo de fibra, auto nivelado acoplado a guindaste tipo Munck.<\/p><p>Com a melhor rela\u00e7\u00e3o custo beneficio do mercado, al\u00e9m de fornecer os equipamentos, realizamos a instala\u00e7\u00e3o dos mesmos, deixando seu equipamento de acordo a normativa.<\/p><p>A instala\u00e7\u00e3o pode ser executada preferencialmente na sede da nossa empresa, ou na sede da empresa do cliente, sempre e quando houverem as condi\u00e7\u00f5es necess\u00e1rias.<\/p><\/div>\r\n\t\t\t\t<\/div>\r\n\t\t\t\t<\/div>\r\n\t\t\t\t\t\t<\/div>\r\n\t\t\t<\/div>\r\n\t\t<\/div>\r\n\t\t\t\t\t\t<\/div>\r\n\t\t\t<\/div>\r\n\t\t<\/section>\r\n\t\t\t\t<div class=\"elementor-element elementor-element-ad8 elementor-widget elementor-widget-text-editor\" data-id=\"ad8\" data-element_type=\"widget\" data-widget_type=\"text-editor.default\">\r\n\t\t\t\t<div class=\"elementor-widget-container\">\r\n\t\t\t\t\t<div class=\"elementor-text-editor elementor-clearfix\"><\/div>\r\n\t\t\t\t<\/div>\r\n\t\t\t\t<\/div>\r\n\t\t\t\t\t\t<\/div>\r\n\t\t\t<\/div>\r\n\t\t<\/div>\r\n\t\t\t\t\t\t<\/div>\r\n\t\t\t<\/div>\r\n\t\t<\/section>\r\n\t\t\t\t<section class=\"elementor-element elementor-element-bfb6665 elementor-section-boxed elementor-section-height-default elementor-section-height-default elementor-section elementor-top-section\" data-id=\"bfb6665\" data-element_type=\"section\">\r\n\t\t\t\t\t\t<div class=\"elementor-container elementor-column-gap-default\">\r\n\t\t\t\t<div class=\"elementor-row\">\r\n\t\t\t\t<div class=\"elementor-element elementor-element-162a753 elementor-column elementor-col-100 elementor-top-column\" data-id=\"162a753\" data-element_type=\"column\">\r\n\t\t\t<div class=\"elementor-column-wrap  elementor-element-populated\">\r\n\t\t\t\t\t<div class=\"elementor-widget-wrap\">\r\n\t\t\t\t<div class=\"elementor-element elementor-element-0452488 elementor-widget elementor-widget-spacer\" data-id=\"0452488\" data-element_type=\"widget\" data-widget_type=\"spacer.default\">\r\n\t\t\t\t<div class=\"elementor-widget-container\">\r\n\t\t\t\t\t<div class=\"elementor-spacer\">\r\n\t\t\t<div class=\"elementor-spacer-inner\"><\/div>\r\n\t\t<\/div>\r\n\t\t\t\t<\/div>\r\n\t\t\t\t<\/div>\r\n\t\t\t\t\t\t<\/div>\r\n\t\t\t<\/div>\r\n\t\t<\/div>\r\n\t\t\t\t\t\t<\/div>\r\n\t\t\t<\/div>\r\n\t\t<\/section>\r\n\t\t\t\t<section class=\"elementor-element elementor-element-1a1c93f elementor-section-boxed elementor-section-height-default elementor-section-height-default elementor-section elementor-top-section\" data-id=\"1a1c93f\" data-element_type=\"section\">\r\n\t\t\t\t\t\t<div class=\"elementor-container elementor-column-gap-default\">\r\n\t\t\t\t<div class=\"elementor-row\">\r\n\t\t\t\t<div class=\"elementor-element elementor-element-893ce1d elementor-column elementor-col-100 elementor-top-column\" data-id=\"893ce1d\" data-element_type=\"column\">\r\n\t\t\t<div class=\"elementor-column-wrap  elementor-element-populated\">\r\n\t\t\t\t\t<div class=\"elementor-widget-wrap\">\r\n\t\t\t\t<div class=\"elementor-element elementor-element-d7fb59a elementor-invisible elementor-widget elementor-widget-image-gallery\" data-id=\"d7fb59a\" data-element_type=\"widget\" data-settings=\"{&quot;_animation&quot;:&quot;fadeIn&quot;}\" data-widget_type=\"image-gallery.default\">\r\n\t\t\t\t<div class=\"elementor-widget-container\">\r\n\t\t\t\t\t<div class=\"elementor-image-gallery\">\r\n\t\t\t<div id='gallery-1' class='gallery galleryid-852 gallery-columns-4 gallery-size-medium'><figure class='gallery-item'>\n\t\t\t<div class='gallery-icon landscape'>\n\t\t\t\t<a data-elementor-open-lightbox=\"default\" data-elementor-lightbox-slideshow=\"d7fb59a\" href='https:\/\/tecnogrua.com.br\/wp-content\/uploads\/2019\/07\/1.jpg'><img loading=\"lazy\" decoding=\"async\" width=\"300\" height=\"250\" src=\"https:\/\/tecnogrua.com.br\/wp-content\/uploads\/2019\/07\/1-300x250.jpg\" class=\"attachment-medium size-medium\" alt=\"NR12\" srcset=\"https:\/\/tecnogrua.com.br\/wp-content\/uploads\/2019\/07\/1-300x250.jpg 300w, https:\/\/tecnogrua.com.br\/wp-content\/uploads\/2019\/07\/1.jpg 600w\" sizes=\"auto, (max-width: 300px) 100vw, 300px\" \/><\/a>\n\t\t\t<\/div><\/figure><figure class='gallery-item'>\n\t\t\t<div class='gallery-icon landscape'>\n\t\t\t\t<a data-elementor-open-lightbox=\"default\" data-elementor-lightbox-slideshow=\"d7fb59a\" href='https:\/\/tecnogrua.com.br\/wp-content\/uploads\/2019\/07\/2.jpg'><img loading=\"lazy\" decoding=\"async\" width=\"300\" height=\"250\" src=\"https:\/\/tecnogrua.com.br\/wp-content\/uploads\/2019\/07\/2-300x250.jpg\" class=\"attachment-medium size-medium\" alt=\"NR12\" srcset=\"https:\/\/tecnogrua.com.br\/wp-content\/uploads\/2019\/07\/2-300x250.jpg 300w, https:\/\/tecnogrua.com.br\/wp-content\/uploads\/2019\/07\/2.jpg 600w\" sizes=\"auto, (max-width: 300px) 100vw, 300px\" \/><\/a>\n\t\t\t<\/div><\/figure><figure class='gallery-item'>\n\t\t\t<div class='gallery-icon landscape'>\n\t\t\t\t<a data-elementor-open-lightbox=\"default\" data-elementor-lightbox-slideshow=\"d7fb59a\" href='https:\/\/tecnogrua.com.br\/wp-content\/uploads\/2019\/07\/3.jpg'><img loading=\"lazy\" decoding=\"async\" width=\"300\" height=\"250\" src=\"https:\/\/tecnogrua.com.br\/wp-content\/uploads\/2019\/07\/3-300x250.jpg\" class=\"attachment-medium size-medium\" alt=\"NR12\" srcset=\"https:\/\/tecnogrua.com.br\/wp-content\/uploads\/2019\/07\/3-300x250.jpg 300w, https:\/\/tecnogrua.com.br\/wp-content\/uploads\/2019\/07\/3.jpg 600w\" sizes=\"auto, (max-width: 300px) 100vw, 300px\" \/><\/a>\n\t\t\t<\/div><\/figure><figure class='gallery-item'>\n\t\t\t<div class='gallery-icon landscape'>\n\t\t\t\t<a data-elementor-open-lightbox=\"default\" data-elementor-lightbox-slideshow=\"d7fb59a\" href='https:\/\/tecnogrua.com.br\/wp-content\/uploads\/2019\/07\/4.jpg'><img loading=\"lazy\" decoding=\"async\" width=\"300\" height=\"250\" src=\"https:\/\/tecnogrua.com.br\/wp-content\/uploads\/2019\/07\/4-300x250.jpg\" class=\"attachment-medium size-medium\" alt=\"NR12\" srcset=\"https:\/\/tecnogrua.com.br\/wp-content\/uploads\/2019\/07\/4-300x250.jpg 300w, https:\/\/tecnogrua.com.br\/wp-content\/uploads\/2019\/07\/4.jpg 600w\" sizes=\"auto, (max-width: 300px) 100vw, 300px\" \/><\/a>\n\t\t\t<\/div><\/figure><figure class='gallery-item'>\n\t\t\t<div class='gallery-icon landscape'>\n\t\t\t\t<a data-elementor-open-lightbox=\"default\" data-elementor-lightbox-slideshow=\"d7fb59a\" href='https:\/\/tecnogrua.com.br\/wp-content\/uploads\/2019\/07\/5.jpg'><img loading=\"lazy\" decoding=\"async\" width=\"300\" height=\"250\" src=\"https:\/\/tecnogrua.com.br\/wp-content\/uploads\/2019\/07\/5-300x250.jpg\" class=\"attachment-medium size-medium\" alt=\"NR12\" srcset=\"https:\/\/tecnogrua.com.br\/wp-content\/uploads\/2019\/07\/5-300x250.jpg 300w, https:\/\/tecnogrua.com.br\/wp-content\/uploads\/2019\/07\/5.jpg 600w\" sizes=\"auto, (max-width: 300px) 100vw, 300px\" \/><\/a>\n\t\t\t<\/div><\/figure><figure class='gallery-item'>\n\t\t\t<div class='gallery-icon landscape'>\n\t\t\t\t<a data-elementor-open-lightbox=\"default\" data-elementor-lightbox-slideshow=\"d7fb59a\" href='https:\/\/tecnogrua.com.br\/wp-content\/uploads\/2019\/07\/6.jpg'><img loading=\"lazy\" decoding=\"async\" width=\"300\" height=\"250\" src=\"https:\/\/tecnogrua.com.br\/wp-content\/uploads\/2019\/07\/6-300x250.jpg\" class=\"attachment-medium size-medium\" alt=\"NR12\" srcset=\"https:\/\/tecnogrua.com.br\/wp-content\/uploads\/2019\/07\/6-300x250.jpg 300w, https:\/\/tecnogrua.com.br\/wp-content\/uploads\/2019\/07\/6.jpg 600w\" sizes=\"auto, (max-width: 300px) 100vw, 300px\" \/><\/a>\n\t\t\t<\/div><\/figure><figure class='gallery-item'>\n\t\t\t<div class='gallery-icon landscape'>\n\t\t\t\t<a data-elementor-open-lightbox=\"default\" data-elementor-lightbox-slideshow=\"d7fb59a\" href='https:\/\/tecnogrua.com.br\/wp-content\/uploads\/2019\/07\/7.jpg'><img loading=\"lazy\" decoding=\"async\" width=\"300\" height=\"250\" src=\"https:\/\/tecnogrua.com.br\/wp-content\/uploads\/2019\/07\/7-300x250.jpg\" class=\"attachment-medium size-medium\" alt=\"NR12\" srcset=\"https:\/\/tecnogrua.com.br\/wp-content\/uploads\/2019\/07\/7-300x250.jpg 300w, https:\/\/tecnogrua.com.br\/wp-content\/uploads\/2019\/07\/7.jpg 600w\" sizes=\"auto, (max-width: 300px) 100vw, 300px\" \/><\/a>\n\t\t\t<\/div><\/figure><figure class='gallery-item'>\n\t\t\t<div class='gallery-icon landscape'>\n\t\t\t\t<a data-elementor-open-lightbox=\"default\" data-elementor-lightbox-slideshow=\"d7fb59a\" href='https:\/\/tecnogrua.com.br\/wp-content\/uploads\/2019\/07\/8.jpg'><img loading=\"lazy\" decoding=\"async\" width=\"300\" height=\"250\" src=\"https:\/\/tecnogrua.com.br\/wp-content\/uploads\/2019\/07\/8-300x250.jpg\" class=\"attachment-medium size-medium\" alt=\"NR12\" srcset=\"https:\/\/tecnogrua.com.br\/wp-content\/uploads\/2019\/07\/8-300x250.jpg 300w, https:\/\/tecnogrua.com.br\/wp-content\/uploads\/2019\/07\/8.jpg 600w\" sizes=\"auto, (max-width: 300px) 100vw, 300px\" \/><\/a>\n\t\t\t<\/div><\/figure><figure class='gallery-item'>\n\t\t\t<div class='gallery-icon landscape'>\n\t\t\t\t<a data-elementor-open-lightbox=\"default\" data-elementor-lightbox-slideshow=\"d7fb59a\" href='https:\/\/tecnogrua.com.br\/wp-content\/uploads\/2019\/07\/9.jpg'><img loading=\"lazy\" decoding=\"async\" width=\"300\" height=\"250\" src=\"https:\/\/tecnogrua.com.br\/wp-content\/uploads\/2019\/07\/9-300x250.jpg\" class=\"attachment-medium size-medium\" alt=\"NR12\" srcset=\"https:\/\/tecnogrua.com.br\/wp-content\/uploads\/2019\/07\/9-300x250.jpg 300w, https:\/\/tecnogrua.com.br\/wp-content\/uploads\/2019\/07\/9.jpg 600w\" sizes=\"auto, (max-width: 300px) 100vw, 300px\" \/><\/a>\n\t\t\t<\/div><\/figure><figure class='gallery-item'>\n\t\t\t<div class='gallery-icon landscape'>\n\t\t\t\t<a data-elementor-open-lightbox=\"default\" data-elementor-lightbox-slideshow=\"d7fb59a\" href='https:\/\/tecnogrua.com.br\/wp-content\/uploads\/2019\/07\/10.jpg'><img loading=\"lazy\" decoding=\"async\" width=\"300\" height=\"250\" src=\"https:\/\/tecnogrua.com.br\/wp-content\/uploads\/2019\/07\/10-300x250.jpg\" class=\"attachment-medium size-medium\" alt=\"NR12\" srcset=\"https:\/\/tecnogrua.com.br\/wp-content\/uploads\/2019\/07\/10-300x250.jpg 300w, https:\/\/tecnogrua.com.br\/wp-content\/uploads\/2019\/07\/10.jpg 600w\" sizes=\"auto, (max-width: 300px) 100vw, 300px\" \/><\/a>\n\t\t\t<\/div><\/figure><figure class='gallery-item'>\n\t\t\t<div class='gallery-icon landscape'>\n\t\t\t\t<a data-elementor-open-lightbox=\"default\" data-elementor-lightbox-slideshow=\"d7fb59a\" href='https:\/\/tecnogrua.com.br\/wp-content\/uploads\/2019\/07\/11.jpg'><img loading=\"lazy\" decoding=\"async\" width=\"300\" height=\"250\" src=\"https:\/\/tecnogrua.com.br\/wp-content\/uploads\/2019\/07\/11-300x250.jpg\" class=\"attachment-medium size-medium\" alt=\"NR12\" srcset=\"https:\/\/tecnogrua.com.br\/wp-content\/uploads\/2019\/07\/11-300x250.jpg 300w, https:\/\/tecnogrua.com.br\/wp-content\/uploads\/2019\/07\/11.jpg 600w\" sizes=\"auto, (max-width: 300px) 100vw, 300px\" \/><\/a>\n\t\t\t<\/div><\/figure><figure class='gallery-item'>\n\t\t\t<div class='gallery-icon landscape'>\n\t\t\t\t<a data-elementor-open-lightbox=\"default\" data-elementor-lightbox-slideshow=\"d7fb59a\" href='https:\/\/tecnogrua.com.br\/wp-content\/uploads\/2019\/07\/12.jpg'><img loading=\"lazy\" decoding=\"async\" width=\"300\" height=\"250\" src=\"https:\/\/tecnogrua.com.br\/wp-content\/uploads\/2019\/07\/12-300x250.jpg\" class=\"attachment-medium size-medium\" alt=\"NR12\" srcset=\"https:\/\/tecnogrua.com.br\/wp-content\/uploads\/2019\/07\/12-300x250.jpg 300w, https:\/\/tecnogrua.com.br\/wp-content\/uploads\/2019\/07\/12.jpg 600w\" sizes=\"auto, (max-width: 300px) 100vw, 300px\" \/><\/a>\n\t\t\t<\/div><\/figure><figure class='gallery-item'>\n\t\t\t<div class='gallery-icon landscape'>\n\t\t\t\t<a data-elementor-open-lightbox=\"default\" data-elementor-lightbox-slideshow=\"d7fb59a\" href='https:\/\/tecnogrua.com.br\/wp-content\/uploads\/2019\/07\/13.jpg'><img loading=\"lazy\" decoding=\"async\" width=\"300\" height=\"250\" src=\"https:\/\/tecnogrua.com.br\/wp-content\/uploads\/2019\/07\/13-300x250.jpg\" class=\"attachment-medium size-medium\" alt=\"NR12\" srcset=\"https:\/\/tecnogrua.com.br\/wp-content\/uploads\/2019\/07\/13-300x250.jpg 300w, https:\/\/tecnogrua.com.br\/wp-content\/uploads\/2019\/07\/13.jpg 600w\" sizes=\"auto, (max-width: 300px) 100vw, 300px\" \/><\/a>\n\t\t\t<\/div><\/figure>\n\t\t<\/div>\n\t\t<\/div>\r\n\t\t\t\t<\/div>\r\n\t\t\t\t<\/div>\r\n\t\t\t\t\t\t<\/div>\r\n\t\t\t<\/div>\r\n\t\t<\/div>\r\n\t\t\t\t\t\t<\/div>\r\n\t\t\t<\/div>\r\n\t\t<\/section>\r\n\t\t\t\t\t\t<\/div>\r\n\t\t\t<\/div>\r\n\t\t<\/div>\r\n\t\t","protected":false},"excerpt":{"rendered":"<p>Adequamos seu guindaste tipo Munck, de qualquer marca ou modelo, ao Anexo XII da NR12. Somos distribuidores de Comandos hidr\u00e1ulicos eletroproporcional e convencionais, r\u00e1dios controles remotos, limitadores eletr\u00f4nicos de sobrecarga, inclin\u00f4metro e todas os sensores necess\u00e1rios para monitorar o equipamento de acordo com o especificado na NR 12. Tamb\u00e9m somos fabricantes de cesto a\u00e9reo de [&hellip;]<\/p>\n","protected":false},"author":1,"featured_media":0,"parent":0,"menu_order":0,"comment_status":"closed","ping_status":"closed","template":"elementor_header_footer","meta":{"footnotes":""},"class_list":["post-852","page","type-page","status-publish","hentry"],"_links":{"self":[{"href":"https:\/\/tecnogrua.com.br\/index.php?rest_route=\/wp\/v2\/pages\/852","targetHints":{"allow":["GET"]}}],"collection":[{"href":"https:\/\/tecnogrua.com.br\/index.php?rest_route=\/wp\/v2\/pages"}],"about":[{"href":"https:\/\/tecnogrua.com.br\/index.php?rest_route=\/wp\/v2\/types\/page"}],"author":[{"embeddable":true,"href":"https:\/\/tecnogrua.com.br\/index.php?rest_route=\/wp\/v2\/users\/1"}],"replies":[{"embeddable":true,"href":"https:\/\/tecnogrua.com.br\/index.php?rest_route=%2Fwp%2Fv2%2Fcomments&post=852"}],"version-history":[{"count":11,"href":"https:\/\/tecnogrua.com.br\/index.php?rest_route=\/wp\/v2\/pages\/852\/revisions"}],"predecessor-version":[{"id":1036,"href":"https:\/\/tecnogrua.com.br\/index.php?rest_route=\/wp\/v2\/pages\/852\/revisions\/1036"}],"wp:attachment":[{"href":"https:\/\/tecnogrua.com.br\/index.php?rest_route=%2Fwp%2Fv2%2Fmedia&parent=852"}],"curies":[{"name":"wp","href":"https:\/\/api.w.org\/{rel}","templated":true}]}}